{"id":942,"date":"2025-09-30T12:43:33","date_gmt":"2025-09-30T10:43:33","guid":{"rendered":"https:\/\/mwmachines.com\/?post_type=product&#038;p=942"},"modified":"2025-09-30T13:06:08","modified_gmt":"2025-09-30T11:06:08","slug":"gme-s300-manipulator-akumulatorowy-do-przenoszenia-szkla","status":"publish","type":"product","link":"https:\/\/mwmachines.com\/en\/product\/gme-s300-manipulator-akumulatorowy-do-przenoszenia-szkla\/","title":{"rendered":"GME-S300 Manipulator akumulatorowy do przenoszenia szk\u0142a"},"content":{"rendered":"<p>Manipulatory MWM GME-S300 (kr\u00f3tka wersja)<\/p>\n<p>Urz\u0105dzenie MWM GME-S zosta\u0142o zaprojektowane z my\u015bl\u0105 o precyzyjnym monta\u017cu stolarki okiennej oraz transporcie szk\u0142a,okien i innych p\u0142askich, g\u0142adkich materia\u0142\u00f3w w halach produkcyjnych, magazynach i na placach budowy. Wersja o oznaczeniu &#8222;S&#8221; jest kr\u00f3tsza od standardowej i zapewnia wi\u0119ksz\u0105 manewrowo\u015b\u0107 w pomieszczeniach o ograniczonej przestrzeni.<\/p>\n<p>Wyposa\u017cone w teleskopowe rami\u0119 o du\u017cym zasi\u0119gu roboczym oraz regulowany k\u0105t chwytaka, umo\u017cliwia poziomy monta\u017c szklanych zadasze\u0144 na wysoko\u015bci do 3 m. R\u0119czne sterowanie gwarantuje wysok\u0105 precyzj\u0119 podczas obs\u0142ugi delikatnych \u0142adunk\u00f3w.<br \/>\nElektryczny nap\u0119d jazdy o wysokiej precyzji zapewnia dok\u0142adno\u015b\u0107 manewrowania, u\u0142atwiaj\u0105c transport ci\u0119\u017ckich materia\u0142\u00f3w bez konieczno\u015bci u\u017cycia si\u0142y fizycznej. Wymienny akumulator litowo-jonowy pozwala na nieprzerwan\u0105 prac\u0119 przez jedn\u0105 zmian\u0119 robocz\u0105 na pojedynczym \u0142adowaniu. \u0141adowanie akumulatora trwa zaledwie 2 godziny.<\/p>\n<p>MWM GME-S 300 wyr\u00f3\u017cnia si\u0119 kr\u00f3tk\u0105 konstrukcj\u0105 przez co jest bardzo zwrotny i nadaje si\u0119 do pracy w ma\u0142ych i ciasnych pomieszczeniach przy jednoczesnej zdolno\u015bci do podnoszenia<br \/>\n\u0142adunk\u00f3w o masie do 300 kg.<br \/>\nSolidna konstrukcja urz\u0105dzenia, zaprojektowana z du\u017cym zapasem wytrzyma\u0142o\u015bci, zapewnia niezawodno\u015b\u0107 i trwa\u0142o\u015b\u0107. Co istotne, manipulator nie podlega nadzorowi Urz\u0119du Dozoru Technicznego (UDT), co zwi\u0119ksza jego funkcjonalno\u015b\u0107 w codziennym u\u017cytkowaniu. Chwytak w standardzie wyposa\u017cono w cztery ssawki pr\u00f3\u017cniowe z manometrami, ka\u017cda o no\u015bno\u015bci 100 kg.<\/p>\n<p>Dzi\u0119ki szeroko\u015bci zaledwie 76 cm urz\u0105dzenie pozwala na przewo\u017cenie tafli szk\u0142a, okien lub innych g\u0142adkich materia\u0142\u00f3w przez w\u0105skie przej\u015bcia. Rozk\u0142adane podpory asekuracyjne dodatkowo zwi\u0119kszaj\u0105 bezpiecze\u0144stwo podczas pracy z \u0142adunkami na znacznych wysoko\u015bciach.<br \/>\nKo\u0142o skr\u0119tne o szerokim k\u0105cie obrotu zapewnia doskona\u0142\u0105 zwrotno\u015b\u0107, umo\u017cliwiaj\u0105c \u0142atwe manewrowanie w ograniczonej przestrzeni. Du\u017ce ko\u0142a pneumatyczne gwarantuj\u0105 mobilno\u015b\u0107 w zr\u00f3\u017cnicowanych warunkach \u2013 zar\u00f3wno wewn\u0105trz budynk\u00f3w, jak i na zewn\u0105trz. Modu\u0142owa konstrukcja u\u0142atwia demonta\u017c i transport manipulatora na wy\u017csze pi\u0119tra, co czyni go wszechstronnym narz\u0119dziem w r\u00f3\u017cnorodnych zastosowaniach.<\/p>\n<p>W cenie urz\u0105dzenia adapter z czterema ssawkami manualnymi.<\/p>\n<p>Mo\u017cliwo\u015b\u0107 zamontowania elektrycznego chwytaka pr\u00f3\u017cniowego MWM SE60.30<\/p>\n<p>Dane techniczne:<br \/>\n\u2022 Wysoko\u015b\u0107: 134 cm<br \/>\n\u2022 Szeroko\u015b\u0107: 76 cm<br \/>\n\u2022 Szeroko\u015b\u0107 z podporami: 170 cm<br \/>\n\u2022 D\u0142ugo\u015b\u0107: 195 cm<br \/>\n\u2022 No\u015bno\u015b\u0107 300kg<br \/>\n\u2022 Masa: 430 kg<br \/>\n\u2022 Minimalna szeroko\u015b\u0107 szk\u0142a: 220 mm<br \/>\n\u2022 Moc silnika: 0,75kW<br \/>\n\u2022 Akumulator: 10Ah 24V<br \/>\n\u2022 \u0141adowarka: Zewn\u0119trzna 10A (w zestawie)<\/p>\n<p>Zapraszamy do zapoznania si\u0119 z pozosta\u0142ymi manipulatorami do przewozu i monta\u017cu szk\u0142a i stolarki okiennej<\/p>\n<p>Transport na terenie ca\u0142ego kraju GRATIS!<\/p>","protected":false},"excerpt":{"rendered":"<p>Manipulator GME-S300 z nap\u0119dem elektrycznym w wersji kr\u00f3tkiej do monta\u017cu stolarki okiennej oraz transportu szk\u0142a, okien i innych p\u0142askich, g\u0142adkich materia\u0142\u00f3w.<\/p>","protected":false},"featured_media":951,"template":"","meta":{"site-sidebar-layout":"default","site-content-layout":"","ast-site-content-layout":"default","site-content-style":"default","site-sidebar-style":"default","ast-global-header-display":"","ast-banner-title-visibility":"","ast-main-header-display":"","ast-hfb-above-header-display":"","ast-hfb-below-header-display":"","ast-hfb-mobile-header-display":"","site-post-title":"","ast-breadcrumbs-content":"","ast-featured-img":"","footer-sml-layout":"","theme-transparent-header-meta":"default","adv-header-id-meta":"","stick-header-meta":"","header-above-stick-meta":"","header-main-stick-meta":"","header-below-stick-meta":"","astra-migrate-meta-layouts":"set","ast-page-background-enabled":"default","ast-page-background-meta":{"desktop":{"background-color":"","background-image":"","background-repeat":"repeat","background-position":"center center","background-size":"auto","background-attachment":"scroll","background-type":"","background-media":"","overlay-type":"","overlay-color":"","overlay-opacity":"","overlay-gradient":""},"tablet":{"background-color":"","background-image":"","background-repeat":"repeat","background-position":"center center","background-size":"auto","background-attachment":"scroll","background-type":"","background-media":"","overlay-type":"","overlay-color":"","overlay-opacity":"","overlay-gradient":""},"mobile":{"background-color":"","background-image":"","background-repeat":"repeat","background-position":"center center","background-size":"auto","background-attachment":"scroll","background-type":"","background-media":"","overlay-type":"","overlay-color":"","overlay-opacity":"","overlay-gradient":""}},"ast-content-background-meta":{"desktop":{"background-color":"var(--ast-global-color-5)","background-image":"","background-repeat":"repeat","background-position":"center center","background-size":"auto","background-attachment":"scroll","background-type":"","background-media":"","overlay-type":"","overlay-color":"","overlay-opacity":"","overlay-gradient":""},"tablet":{"background-color":"var(--ast-global-color-5)","background-image":"","background-repeat":"repeat","background-position":"center center","background-size":"auto","background-attachment":"scroll","background-type":"","background-media":"","overlay-type":"","overlay-color":"","overlay-opacity":"","overlay-gradient":""},"mobile":{"background-color":"var(--ast-global-color-5)","background-image":"","background-repeat":"repeat","background-position":"center center","background-size":"auto","background-attachment":"scroll","background-type":"","background-media":"","overlay-type":"","overlay-color":"","overlay-opacity":"","overlay-gradient":""}}},"product_brand":[],"product_cat":[78],"product_tag":[],"class_list":{"0":"post-942","1":"product","2":"type-product","3":"status-publish","4":"has-post-thumbnail","6":"product_cat-manipulatory-do-okien","7":"desktop-align-left","8":"tablet-align-left","9":"mobile-align-left","11":"first","12":"onbackorder","13":"taxable","14":"shipping-taxable","15":"purchasable","16":"product-type-simple"},"_links":{"self":[{"href":"https:\/\/mwmachines.com\/en\/wp-json\/wp\/v2\/product\/942","targetHints":{"allow":["GET"]}}],"collection":[{"href":"https:\/\/mwmachines.com\/en\/wp-json\/wp\/v2\/product"}],"about":[{"href":"https:\/\/mwmachines.com\/en\/wp-json\/wp\/v2\/types\/product"}],"wp:featuredmedia":[{"embeddable":true,"href":"https:\/\/mwmachines.com\/en\/wp-json\/wp\/v2\/media\/951"}],"wp:attachment":[{"href":"https:\/\/mwmachines.com\/en\/wp-json\/wp\/v2\/media?parent=942"}],"wp:term":[{"taxonomy":"product_brand","embeddable":true,"href":"https:\/\/mwmachines.com\/en\/wp-json\/wp\/v2\/product_brand?post=942"},{"taxonomy":"product_cat","embeddable":true,"href":"https:\/\/mwmachines.com\/en\/wp-json\/wp\/v2\/product_cat?post=942"},{"taxonomy":"product_tag","embeddable":true,"href":"https:\/\/mwmachines.com\/en\/wp-json\/wp\/v2\/product_tag?post=942"}],"curies":[{"name":"wp","href":"https:\/\/api.w.org\/{rel}","templated":true}]}}