{"id":930,"date":"2025-09-11T09:46:08","date_gmt":"2025-09-11T07:46:08","guid":{"rendered":"https:\/\/mwmachines.com\/?post_type=product&#038;p=930"},"modified":"2025-09-11T10:02:49","modified_gmt":"2025-09-11T08:02:49","slug":"gl200-transporter-do-szkla","status":"publish","type":"product","link":"https:\/\/mwmachines.com\/en\/product\/gl200-transporter-do-szkla\/","title":{"rendered":"GL200 Transporter do szk\u0142a"},"content":{"rendered":"<p><strong>GL200<\/strong> to kompaktowe i funkcjonalne urz\u0105dzenie stworzone z my\u015bl\u0105 o bezpiecznym i wygodnym transporcie oraz monta\u017cu tafli szk\u0142a. Produkowane przez firm\u0119 MWMachines w Polsce, mo\u017ce by\u0107 dostosowane do indywidualnych potrzeb klienta \u2013 np. wyposa\u017cone w wy\u017cszy maszt.<\/p>\n<p><strong>Dane techniczne:<\/strong><\/p>\n<ul>\n<li>Ud\u017awig: 200 kg<\/li>\n<li>Wysoko\u015b\u0107 podnoszenia: 1350 mm<\/li>\n<li>Wysoko\u015b\u0107 ca\u0142kowita: 1680 mm<\/li>\n<li>Szeroko\u015b\u0107: 620 mm<\/li>\n<li>Waga: 77 kg<\/li>\n<\/ul>\n<p><strong>Najwa\u017cniejsze cechy:<\/strong><\/p>\n<ul>\n<li>Intuicyjna obs\u0142uga przez jedn\u0105 osob\u0119<\/li>\n<li>Wyci\u0105garka z przek\u0142adni\u0105 \u015blimakow\u0105 i automatycznym hamulcem (cicha praca)<\/li>\n<li>Mo\u017cliwo\u015b\u0107 obrotu szk\u0142a o 360\u00b0<\/li>\n<li>Transport boczny tafli<\/li>\n<li>Du\u017ce ko\u0142a \u00d8350 mm z pe\u0142nym ogumieniem \u2013 \u0142atwe manewrowanie<\/li>\n<li>Przesuwane podwozie podporowe<\/li>\n<li>Regulacja wysoko\u015bci i k\u0105ta nachylenia r\u0119koje\u015bci<\/li>\n<li>Ko\u0142a podporowe w r\u0119koje\u015bci \u2013 umo\u017cliwiaj\u0105 za\u0142adunek do pojazdu przez jedn\u0105 osob\u0119<\/li>\n<li>Ergonomiczna pozycja wyci\u0105garki \u2013 odpowiednia dla os\u00f3b prawo- i lewor\u0119cznych<\/li>\n<\/ul>\n<p><strong>Wyposa\u017cenie standardowe:<\/strong><\/p>\n<ul>\n<li>Dwa ramiona<\/li>\n<li>Dwie r\u0119czne przyssawki z manometrem<\/li>\n<\/ul>\n<p><strong>Opcje dodatkowe:<\/strong><\/p>\n<ul>\n<li>Mo\u017cliwo\u015b\u0107 monta\u017cu do 4 ramion<\/li>\n<li>Mo\u017cliwo\u015b\u0107 zastosowania przyssawek r\u0119cznych lub elektrycznych<\/li>\n<\/ul>\n<p>Zapraszamy do zapoznania si\u0119 z pe\u0142n\u0105 ofert\u0105 naszych urz\u0105dze\u0144 do transportu szk\u0142a \u2013 wszystkie projektujemy i produkujemy w Polsce.<\/p>","protected":false},"excerpt":{"rendered":"<p>Transporter GL200 do tafli szklanych, okien oraz innych przedmiot\u00f3w doskonale sprawdzi si\u0119 podczas transportu w ciasnych pomieszczeniach, a tak\u017ce w halach i magazynach.<\/p>\n<p>&nbsp;<\/p>","protected":false},"featured_media":931,"template":"","meta":{"site-sidebar-layout":"default","site-content-layout":"","ast-site-content-layout":"default","site-content-style":"default","site-sidebar-style":"default","ast-global-header-display":"","ast-banner-title-visibility":"","ast-main-header-display":"","ast-hfb-above-header-display":"","ast-hfb-below-header-display":"","ast-hfb-mobile-header-display":"","site-post-title":"","ast-breadcrumbs-content":"","ast-featured-img":"","footer-sml-layout":"","theme-transparent-header-meta":"default","adv-header-id-meta":"","stick-header-meta":"","header-above-stick-meta":"","header-main-stick-meta":"","header-below-stick-meta":"","astra-migrate-meta-layouts":"set","ast-page-background-enabled":"default","ast-page-background-meta":{"desktop":{"background-color":"","background-image":"","background-repeat":"repeat","background-position":"center center","background-size":"auto","background-attachment":"scroll","background-type":"","background-media":"","overlay-type":"","overlay-color":"","overlay-opacity":"","overlay-gradient":""},"tablet":{"background-color":"","background-image":"","background-repeat":"repeat","background-position":"center center","background-size":"auto","background-attachment":"scroll","background-type":"","background-media":"","overlay-type":"","overlay-color":"","overlay-opacity":"","overlay-gradient":""},"mobile":{"background-color":"","background-image":"","background-repeat":"repeat","background-position":"center center","background-size":"auto","background-attachment":"scroll","background-type":"","background-media":"","overlay-type":"","overlay-color":"","overlay-opacity":"","overlay-gradient":""}},"ast-content-background-meta":{"desktop":{"background-color":"var(--ast-global-color-5)","background-image":"","background-repeat":"repeat","background-position":"center center","background-size":"auto","background-attachment":"scroll","background-type":"","background-media":"","overlay-type":"","overlay-color":"","overlay-opacity":"","overlay-gradient":""},"tablet":{"background-color":"var(--ast-global-color-5)","background-image":"","background-repeat":"repeat","background-position":"center center","background-size":"auto","background-attachment":"scroll","background-type":"","background-media":"","overlay-type":"","overlay-color":"","overlay-opacity":"","overlay-gradient":""},"mobile":{"background-color":"var(--ast-global-color-5)","background-image":"","background-repeat":"repeat","background-position":"center center","background-size":"auto","background-attachment":"scroll","background-type":"","background-media":"","overlay-type":"","overlay-color":"","overlay-opacity":"","overlay-gradient":""}}},"product_brand":[],"product_cat":[78],"product_tag":[],"class_list":{"0":"post-930","1":"product","2":"type-product","3":"status-publish","4":"has-post-thumbnail","6":"product_cat-manipulatory-do-okien","7":"desktop-align-left","8":"tablet-align-left","9":"mobile-align-left","11":"first","12":"onbackorder","13":"taxable","14":"shipping-taxable","15":"purchasable","16":"product-type-simple"},"_links":{"self":[{"href":"https:\/\/mwmachines.com\/en\/wp-json\/wp\/v2\/product\/930","targetHints":{"allow":["GET"]}}],"collection":[{"href":"https:\/\/mwmachines.com\/en\/wp-json\/wp\/v2\/product"}],"about":[{"href":"https:\/\/mwmachines.com\/en\/wp-json\/wp\/v2\/types\/product"}],"wp:featuredmedia":[{"embeddable":true,"href":"https:\/\/mwmachines.com\/en\/wp-json\/wp\/v2\/media\/931"}],"wp:attachment":[{"href":"https:\/\/mwmachines.com\/en\/wp-json\/wp\/v2\/media?parent=930"}],"wp:term":[{"taxonomy":"product_brand","embeddable":true,"href":"https:\/\/mwmachines.com\/en\/wp-json\/wp\/v2\/product_brand?post=930"},{"taxonomy":"product_cat","embeddable":true,"href":"https:\/\/mwmachines.com\/en\/wp-json\/wp\/v2\/product_cat?post=930"},{"taxonomy":"product_tag","embeddable":true,"href":"https:\/\/mwmachines.com\/en\/wp-json\/wp\/v2\/product_tag?post=930"}],"curies":[{"name":"wp","href":"https:\/\/api.w.org\/{rel}","templated":true}]}}