{"id":603,"date":"2019-03-01T23:50:29","date_gmt":"2019-03-01T22:50:29","guid":{"rendered":"http:\/\/mwmachines.com\/?page_id=603"},"modified":"2019-03-02T00:39:57","modified_gmt":"2019-03-01T23:39:57","slug":"regulamin-formularzy-kontaktowych","status":"publish","type":"page","link":"https:\/\/mwmachines.com\/en\/regulaminy\/regulamin-formularzy-kontaktowych\/","title":{"rendered":"Regulations of contact forms"},"content":{"rendered":"<div data-elementor-type=\"wp-post\" data-elementor-id=\"603\" class=\"elementor elementor-603 elementor-bc-flex-widget\">\n\t\t\t\t\t\t<section class=\"elementor-section elementor-top-section elementor-element elementor-element-4ef05896 elementor-section-boxed elementor-section-height-default elementor-section-height-default\" data-id=\"4ef05896\" data-element_type=\"section\">\n\t\t\t\t\t\t<div class=\"elementor-container elementor-column-gap-default\">\n\t\t\t\t\t<div class=\"elementor-column elementor-col-100 elementor-top-column elementor-element elementor-element-484d8597\" data-id=\"484d8597\" data-element_type=\"column\">\n\t\t\t<div class=\"elementor-widget-wrap elementor-element-populated\">\n\t\t\t\t\t\t<div class=\"elementor-element elementor-element-2ccd2fca path elementor-widget elementor-widget-wp-widget-bcn_widget\" data-id=\"2ccd2fca\" data-element_type=\"widget\" data-widget_type=\"wp-widget-bcn_widget.default\">\n\t\t\t\t<div class=\"elementor-widget-container\">\n\t\t\t\t\t<div class=\"breadcrumbs\" vocab=\"https:\/\/schema.org\/\" typeof=\"BreadcrumbList\"><!-- Breadcrumb NavXT 7.4.1 -->\n<span property=\"itemListElement\" typeof=\"ListItem\"><a property=\"item\" typeof=\"WebPage\" title=\"Id\u017a do MWMachines.com - nowoczesne maszyny.\" href=\"https:\/\/mwmachines.com\/en\/\" class=\"home\"><span property=\"name\">Home<\/span><\/a><meta property=\"position\" content=\"1\"><\/span><\/div>\t\t\t\t<\/div>\n\t\t\t\t<\/div>\n\t\t\t\t<div class=\"elementor-element elementor-element-34032a07 elementor-widget-divider--view-line elementor-widget elementor-widget-divider\" data-id=\"34032a07\" data-element_type=\"widget\" data-widget_type=\"divider.default\">\n\t\t\t\t<div class=\"elementor-widget-container\">\n\t\t\t\t\t\t\t<div class=\"elementor-divider\">\n\t\t\t<span class=\"elementor-divider-separator\">\n\t\t\t\t\t\t<\/span>\n\t\t<\/div>\n\t\t\t\t\t\t<\/div>\n\t\t\t\t<\/div>\n\t\t\t\t<div class=\"elementor-element elementor-element-97004f8 elementor-widget elementor-widget-heading\" data-id=\"97004f8\" data-element_type=\"widget\" data-widget_type=\"heading.default\">\n\t\t\t\t<div class=\"elementor-widget-container\">\n\t\t\t\t\t<h2 class=\"elementor-heading-title elementor-size-default\">REGULATIONS FOR CONTACT FORMS<\/h2>\t\t\t\t<\/div>\n\t\t\t\t<\/div>\n\t\t\t\t<div class=\"elementor-element elementor-element-7a1dc03d elementor-widget-divider--view-line elementor-widget elementor-widget-divider\" data-id=\"7a1dc03d\" data-element_type=\"widget\" data-widget_type=\"divider.default\">\n\t\t\t\t<div class=\"elementor-widget-container\">\n\t\t\t\t\t\t\t<div class=\"elementor-divider\">\n\t\t\t<span class=\"elementor-divider-separator\">\n\t\t\t\t\t\t<\/span>\n\t\t<\/div>\n\t\t\t\t\t\t<\/div>\n\t\t\t\t<\/div>\n\t\t\t\t<div class=\"elementor-element elementor-element-365e250 elementor-widget elementor-widget-text-editor\" data-id=\"365e250\" data-element_type=\"widget\" data-widget_type=\"text-editor.default\">\n\t\t\t\t<div class=\"elementor-widget-container\">\n\t\t\t\t\t\t\t\t\t<p><strong>\u00a71 GENERAL PROVISIONS<\/strong><\/p><ol><li>Strona <a href=\"http:\/\/mwmachines.com\/en\/\" rel=\"noopener\">mwmachines.com<\/a> dzia\u0142a na zasadach okre\u015blonych w niniejszym Regulaminie.<\/li><li>Regulamin okre\u015bla rodzaje i zakres us\u0142ug \u015bwiadczonych drog\u0105 elektroniczn\u0105 przez Stron\u0119 <a href=\"http:\/\/mwmachines.com\/en\/\" rel=\"noopener\">mwmachines.com<\/a>, zasady \u015bwiadczenia tych us\u0142ug, warunki zawierania i rozwi\u0105zywania um\u00f3w o \u015bwiadczenie us\u0142ug drog\u0105 elektroniczn\u0105, a tak\u017ce tryb post\u0119powania reklamacyjnego.<\/li><li>Ka\u017cdy Us\u0142ugobiorca z chwil\u0105 podj\u0119cia czynno\u015bci zmierzaj\u0105cych do korzystania z us\u0142ug elektronicznych Strony <a href=\"http:\/\/mwmachines.com\/en\/\" rel=\"noopener\">mwmachines.com<\/a>, zobowi\u0105zany jest do przestrzegania postanowie\u0144 niniejszego Regulaminu.<\/li><li>W sprawach nieuregulowanych w niniejszym Regulaminie maj\u0105 zastosowanie przepisy:<ul><li>Ustawy o \u015bwiadczeniu us\u0142ug drog\u0105 elektroniczn\u0105 z dnia 18 lipca 2002 r. (Dz. U. Nr 144, poz. 1204 ze zm.),<\/li><li>Ustawy o prawach konsumenta z dnia 30 maja 2014 r. (Dz. U. 2014 poz. 827),<\/li><li>Kodeks cywilny z dnia 23 kwietnia 1964 r. (Dz. U. nr 16, poz. 93 ze zm.) oraz inne w\u0142a\u015bciwe przepisy prawa polskiego.<\/li><\/ul><\/li><\/ol><p><b>\u00a72 DEFINITIONS<\/b><\/p><ol><li><b>FORMULARZ KONTAKTOWY<\/b> \u2013 formularz dost\u0119pny na Stronie <a href=\"http:\/\/mwmachines.com\/en\/\" rel=\"noopener\">mwmachines.com<\/a>\u00a0umo\u017cliwiaj\u0105cy Us\u0142ugobiorcy bezpo\u015bredni kontakt z Us\u0142ugodawc\u0105.<\/li><li><b>FORMULARZ SERWISOWY <\/b>&#8211; formularz dost\u0119pny na stronie <a href=\"http:\/\/mwmachines.com\/en\/\" rel=\"noopener\">mwmachines.com<\/a>\u00a0umo\u017cliwiaj\u0105cy\u00a0<span style=\"font-size: 16px; font-style: normal; font-weight: 400;\">Us\u0142ugobiorcy\u00a0<\/span>kontakt w sprawie zg\u0142oszenia serwisowego maszyny znajduj\u0105cej si\u0119 w ofercie Us\u0142ugodawcy.<\/li><li><b>REGULAMIN<\/b> \u2013 niniejszy regulamin Strony.<\/li><li><b>US\u0141UGODAWCA\u00a0<\/b>\u2013 Kamil Kulczyk, Dawid Polus wykonuj\u0105cy dzia\u0142alno\u015b\u0107 gospodarcz\u0105 pod firm\u0105\u00a0<span style=\"font-size: 16px; font-style: normal; font-weight: 400;\">MWMachines s.c. Kamil Kulczyk, Dawid Polus<\/span>, adres siedziby: Le\u015bna 5, 86-010 Koronowo, adres do dor\u0119cze\u0144: Le\u015bna 5, 86-010 Koronowo, NIP:\u00a0<span style=\"font-size: 16px; font-style: normal; font-weight: 400;\">5542925168<\/span>, REGON:\u00a0<span style=\"font-size: 16px; font-style: normal; font-weight: 400;\">341595897<\/span>, wpisan\u0105 do Centralnej Ewidencji i Informacji o Dzia\u0142alno\u015bci Gospodarczej, adres poczty elektronicznej: <a href=\"mailto:mwmachines@gmail.com\">mwmachines@gmail.com<\/a>, tel.\u00a0<span style=\"font-size: 16px; font-style: normal; font-weight: 400;\">603965717 lub\u00a0<\/span><span style=\"font-size: 16px; font-style: normal; font-weight: 400;\">607723669<\/span>.<\/li><li><b>US\u0141UGOBIORCA\u00a0<\/b>\u2013 osoba fizyczna, osoba prawna albo jednostka organizacyjna nieposiadaj\u0105ca osobowo\u015bci prawnej, kt\u00f3rej ustawa przyznaje zdolno\u015b\u0107 prawn\u0105 korzystaj\u0105ca z Us\u0142ugi Elektronicznej.<\/li><li><b>US\u0141UGA ELEKTRONICZNA<\/b> \u2013 us\u0142uga \u015bwiadczona drog\u0105 elektroniczn\u0105 przez Us\u0142ugodawc\u0119 na rzecz Us\u0142ugobiorcy za po\u015brednictwem Strony.<\/li><\/ol><p><b>\u00a73 TYPE AND SCOPE OF ELECTRONIC SERVICES<\/b><\/p><ol><li>Us\u0142ugodawca umo\u017cliwia za po\u015brednictwem Strony korzystanie z Us\u0142ug Elektronicznych takich jak:<ul><li>korzystanie z Formularza Kontaktowego,<\/li><li>korzystanie z Formularza Serwisowego.<\/li><\/ul><\/li><li>\u015awiadczenie Us\u0142ug Elektronicznych na rzecz Us\u0142ugobiorc\u00f3w odbywa si\u0119 na warunkach okre\u015blonych w Regulaminie.<\/li><\/ol><p><b>\u00a74 CONDITIONS FOR THE PROVISION AND CONCLUSION OF AGREEMENTS FOR THE PROVISION OF ELECTRONIC SERVICES<\/b><\/p><ol><li>\u015awiadczenie Us\u0142ug Elektronicznych okre\u015blonych w rozdziale III pkt. 1 Regulaminu przez Us\u0142ugodawc\u0119 jest nieodp\u0142atne.<\/li><li>Okres na jaki umowa zostaje zawarta:<ul><li>umowa o \u015bwiadczenie Us\u0142ugi Elektronicznej polegaj\u0105cej na umo\u017cliwieniu wys\u0142ania wiadomo\u015bci za po\u015brednictwem Formularza Kontaktowego lub Formularza Serwisowego zawierana jest na czas oznaczony i ulega rozwi\u0105zaniu z chwil\u0105 wys\u0142ania wiadomo\u015bci albo zaprzestania jej wysy\u0142ania przez Us\u0142ugobiorc\u0119.<\/li><\/ul><\/li><li>Wymagania techniczne niezb\u0119dne do wsp\u00f3\u0142pracy z systemem teleinformatycznym, kt\u00f3rym pos\u0142uguje si\u0119 Us\u0142ugodawca:<ul><li>komputer z dost\u0119pem do Internetu,<\/li><li>dost\u0119p do poczty elektronicznej,<\/li><li>przegl\u0105darka internetowa,<\/li><li>w\u0142\u0105czenie w przegl\u0105darce internetowej Cookies oraz Javascript.<\/li><\/ul><\/li><li>Us\u0142ugobiorca zobowi\u0105zany jest do korzystania ze Strony w spos\u00f3b zgodny z prawem i dobrymi obyczajami maj\u0105c na uwadze poszanowanie d\u00f3br osobistych i praw w\u0142asno\u015bci intelektualnej os\u00f3b trzecich.<\/li><li>Us\u0142ugobiorca zobowi\u0105zany jest do wprowadzania danych zgodnych ze stanem faktycznym.<\/li><li>Us\u0142ugobiorc\u0119 obowi\u0105zuje zakaz dostarczania tre\u015bci o charakterze bezprawnym.<\/li><\/ol><p><b>\u00a75 COMPLAINT PROCEDURE<\/b><\/p><ol><li>Reklamacje zwi\u0105zane ze \u015bwiadczeniem Us\u0142ug Elektronicznych przez Us\u0142ugodawc\u0119:<ul><li>Reklamacje zwi\u0105zane ze \u015bwiadczeniem Us\u0142ug Elektronicznych za po\u015brednictwem Strony Us\u0142ugobiorca mo\u017ce sk\u0142ada\u0107 za po\u015brednictwem poczty elektronicznej na adres: <a href=\"mailto:mwmachines@gmail.com\">mwmachines@gmail.com<\/a>.<\/li><li>W powy\u017cszej wiadomo\u015bci e-mail, nale\u017cy poda\u0107 jak najwi\u0119cej informacji i okoliczno\u015bci dotycz\u0105cych przedmiotu reklamacji, w szczeg\u00f3lno\u015bci rodzaj i dat\u0119 wyst\u0105pienia nieprawid\u0142owo\u015bci oraz dane kontaktowe. Podane informacje znacznie u\u0142atwi\u0105 i przyspiesz\u0105 rozpatrzenie reklamacji przez Us\u0142ugodawc\u0119.<\/li><li>Rozpatrzenie reklamacji przez Us\u0142ugodawc\u0119 nast\u0119puje niezw\u0142ocznie, nie p\u00f3\u017aniej ni\u017c w terminie 14 dni.<\/li><li>Odpowied\u017a Us\u0142ugodawcy w sprawie reklamacji jest wysy\u0142ana na adres e-mail Us\u0142ugobiorcy podany w zg\u0142oszeniu reklamacyjnym lub w inny podany przez Us\u0142ugobiorc\u0119 spos\u00f3b.<\/li><\/ul><\/li><\/ol><p><b>\u00a76 INTELLECTUAL PROPERTY<\/b><\/p><ol><li>Wszystkie tre\u015bci zamieszczone na stronie internetowej pod adresem <a href=\"http:\/\/mwmachines.com\/en\/\" rel=\"noopener\">mwmachines.com<\/a> korzystaj\u0105 z ochrony prawno-autorskiej i s\u0105 w\u0142asno\u015bci\u0105 <a href=\"http:\/\/mwmachines.com\/en\/\" rel=\"noopener\">mwmachines.com<\/a>.<\/li><li>Us\u0142ugobiorca ponosi pe\u0142n\u0105 odpowiedzialno\u015b\u0107 za szkod\u0119 wyrz\u0105dzon\u0105 Us\u0142ugodawcy, b\u0119d\u0105c\u0105 nast\u0119pstwem u\u017cycia jakiejkolwiek zawarto\u015bci strony <a href=\"http:\/\/mwmachines.com\/en\/\" rel=\"noopener\">mwmachines.com<\/a>, bez zgody Us\u0142ugodawcy.<\/li><li>Jakiekolwiek wykorzystanie przez kogokolwiek, bez wyra\u017anej pisemnej zgody Us\u0142ugodawcy, kt\u00f3regokolwiek z element\u00f3w sk\u0142adaj\u0105cych si\u0119 na tre\u015b\u0107 oraz zawarto\u015b\u0107 strony <a href=\"http:\/\/mwmachines.com\/en\/\" rel=\"noopener\">mwmachines.com<\/a> stanowi naruszenie prawa autorskiego przys\u0142uguj\u0105cego Us\u0142ugodawcy i skutkuje odpowiedzialno\u015bci\u0105 cywilnoprawn\u0105 oraz karn\u0105.<\/li><\/ol><p><b>\u00a77 FINAL PROVISIONS<\/b><\/p><ol><li>Contracts concluded via the Site are concluded in accordance with Polish law.<\/li><li>In the event of any incompatibility of any part of the Regulations with applicable law, the relevant provisions of Polish law apply instead of the challenged provision of the Regulations.<\/li><\/ol>\t\t\t\t\t\t\t\t<\/div>\n\t\t\t\t<\/div>\n\t\t\t\t\t<\/div>\n\t\t<\/div>\n\t\t\t\t\t<\/div>\n\t\t<\/section>\n\t\t\t\t<\/div>","protected":false},"excerpt":{"rendered":"<p>REGULAMIN FORMULARZY KONTAKTOWYCH \u00a71 POSTANOWIENIA OG\u00d3LNE Strona mwmachines.com dzia\u0142a na zasadach okre\u015blonych w niniejszym Regulaminie. Regulamin okre\u015bla rodzaje i zakres us\u0142ug \u015bwiadczonych drog\u0105 elektroniczn\u0105 przez Stron\u0119 mwmachines.com, zasady \u015bwiadczenia tych us\u0142ug, warunki zawierania i rozwi\u0105zywania um\u00f3w o \u015bwiadczenie us\u0142ug drog\u0105 elektroniczn\u0105, a tak\u017ce tryb post\u0119powania reklamacyjnego. Ka\u017cdy Us\u0142ugobiorca z chwil\u0105 podj\u0119cia czynno\u015bci zmierzaj\u0105cych do korzystania [&hellip;]<\/p>","protected":false},"author":1,"featured_media":0,"parent":108,"menu_order":0,"comment_status":"closed","ping_status":"closed","template":"","meta":{"site-sidebar-layout":"no-sidebar","site-content-layout":"page-builder","ast-site-content-layout":"","site-content-style":"default","site-sidebar-style":"default","ast-global-header-display":"","ast-banner-title-visibility":"","ast-main-header-display":"","ast-hfb-above-header-display":"","ast-hfb-below-header-display":"","ast-hfb-mobile-header-display":"","site-post-title":"disabled","ast-breadcrumbs-content":"","ast-featured-img":"disabled","footer-sml-layout":"","theme-transparent-header-meta":"default","adv-header-id-meta":"","stick-header-meta":"","header-above-stick-meta":"","header-main-stick-meta":"","header-below-stick-meta":"","astra-migrate-meta-layouts":"default","ast-page-background-enabled":"default","ast-page-background-meta":{"desktop":{"background-color":"","background-image":"","background-repeat":"repeat","background-position":"center center","background-size":"auto","background-attachment":"scroll","background-type":"","background-media":"","overlay-type":"","overlay-color":"","overlay-opacity":"","overlay-gradient":""},"tablet":{"background-color":"","background-image":"","background-repeat":"repeat","background-position":"center center","background-size":"auto","background-attachment":"scroll","background-type":"","background-media":"","overlay-type":"","overlay-color":"","overlay-opacity":"","overlay-gradient":""},"mobile":{"background-color":"","background-image":"","background-repeat":"repeat","background-position":"center center","background-size":"auto","background-attachment":"scroll","background-type":"","background-media":"","overlay-type":"","overlay-color":"","overlay-opacity":"","overlay-gradient":""}},"ast-content-background-meta":{"desktop":{"background-color":"var(--ast-global-color-5)","background-image":"","background-repeat":"repeat","background-position":"center center","background-size":"auto","background-attachment":"scroll","background-type":"","background-media":"","overlay-type":"","overlay-color":"","overlay-opacity":"","overlay-gradient":""},"tablet":{"background-color":"var(--ast-global-color-5)","background-image":"","background-repeat":"repeat","background-position":"center center","background-size":"auto","background-attachment":"scroll","background-type":"","background-media":"","overlay-type":"","overlay-color":"","overlay-opacity":"","overlay-gradient":""},"mobile":{"background-color":"var(--ast-global-color-5)","background-image":"","background-repeat":"repeat","background-position":"center center","background-size":"auto","background-attachment":"scroll","background-type":"","background-media":"","overlay-type":"","overlay-color":"","overlay-opacity":"","overlay-gradient":""}},"footnotes":""},"class_list":["post-603","page","type-page","status-publish","hentry"],"_links":{"self":[{"href":"https:\/\/mwmachines.com\/en\/wp-json\/wp\/v2\/pages\/603","targetHints":{"allow":["GET"]}}],"collection":[{"href":"https:\/\/mwmachines.com\/en\/wp-json\/wp\/v2\/pages"}],"about":[{"href":"https:\/\/mwmachines.com\/en\/wp-json\/wp\/v2\/types\/page"}],"author":[{"embeddable":true,"href":"https:\/\/mwmachines.com\/en\/wp-json\/wp\/v2\/users\/1"}],"replies":[{"embeddable":true,"href":"https:\/\/mwmachines.com\/en\/wp-json\/wp\/v2\/comments?post=603"}],"version-history":[{"count":4,"href":"https:\/\/mwmachines.com\/en\/wp-json\/wp\/v2\/pages\/603\/revisions"}],"predecessor-version":[{"id":612,"href":"https:\/\/mwmachines.com\/en\/wp-json\/wp\/v2\/pages\/603\/revisions\/612"}],"up":[{"embeddable":true,"href":"https:\/\/mwmachines.com\/en\/wp-json\/wp\/v2\/pages\/108"}],"wp:attachment":[{"href":"https:\/\/mwmachines.com\/en\/wp-json\/wp\/v2\/media?parent=603"}],"curies":[{"name":"wp","href":"https:\/\/api.w.org\/{rel}","templated":true}]}}