{"id":20,"date":"2019-02-25T09:35:39","date_gmt":"2019-02-25T08:35:39","guid":{"rendered":"http:\/\/mwmachines.com\/?page_id=20"},"modified":"2025-03-21T14:09:13","modified_gmt":"2025-03-21T13:09:13","slug":"strona-glowna","status":"publish","type":"page","link":"https:\/\/mwmachines.com\/en\/","title":{"rendered":"Home"},"content":{"rendered":"<div data-elementor-type=\"wp-post\" data-elementor-id=\"20\" class=\"elementor elementor-20\">\n\t\t\t\t<section class=\"elementor-section elementor-top-section elementor-element elementor-element-928020d elementor-section-boxed elementor-section-height-default elementor-section-height-default\" data-id=\"928020d\" data-element_type=\"section\">\n\t\t\t\t\t\t<div class=\"elementor-container elementor-column-gap-default\">\n\t\t\t\t\t<div class=\"elementor-column elementor-col-100 elementor-top-column elementor-element elementor-element-759c2069\" data-id=\"759c2069\" data-element_type=\"column\">\n\t\t\t<div class=\"elementor-widget-wrap elementor-element-populated\">\n\t\t\t\t\t\t<div class=\"elementor-element elementor-element-52127315 elementor-widget elementor-widget-text-editor\" data-id=\"52127315\" data-element_type=\"widget\" data-widget_type=\"text-editor.default\">\n\t\t\t\t<div class=\"elementor-widget-container\">\n\t\t\t\t\t\t\t\t\t<p><\/p>\n<p><\/p>\n<h2 class=\"wp-block-heading\">ABOUT US<\/h2>\n<p><\/p>\n<div dir=\"ltr\" style=\"color: rgb(0, 0, 0); font-style: normal; font-variant-numeric: normal; font-variant-east-asian: normal; font-weight: 400; font-stretch: normal; font-size: 15px; line-height: normal; font-family: sans-serif; text-align: inherit; background-color: transparent; min-width: 0px; border-style: solid; border-color: black; list-style: none; white-space: pre-wrap;\"><span style=\"background-color: transparent; min-width: 0px; text-align: inherit; border-style: solid; border-color: black; font-variant: inherit; font-stretch: inherit; font-size: inherit; line-height: inherit; list-style: none; white-space: inherit;\">Jeste\u015bmy polsk\u0105 firm\u0105 dzia\u0142aj\u0105c\u0105 na rynku od 2009 roku. Obecnie specjalizujemy si\u0119 w produkcji urz\u0105dze\u0144 do monta\u017cu okien, takich jak chwytaki pr\u00f3\u017cniowe, manipulatory oraz akcesoria do naszych maszyn. <\/span><br><span style=\"background-color: transparent; min-width: 0px; text-align: inherit; border-style: solid; border-color: black; font-variant: inherit; font-stretch: inherit; font-size: inherit; line-height: inherit; list-style: none; white-space: inherit;\"><br><\/span><br><span style=\"background-color: transparent; min-width: 0px; text-align: inherit; border-style: solid; border-color: black; font-variant: inherit; font-stretch: inherit; font-size: inherit; line-height: inherit; list-style: none; white-space: inherit;\">Wiele rozwi\u0105za\u0144 zastosowanych w naszych urz\u0105dzeniach jest naszego autorstwa i zosta\u0142o opracowanych z my\u015bl\u0105 o potrzebach bran\u017cy.<\/span><\/div><div dir=\"ltr\" style=\"color: rgb(0, 0, 0); font-style: normal; font-variant-numeric: normal; font-variant-east-asian: normal; font-weight: 400; font-stretch: normal; font-size: 15px; line-height: normal; font-family: sans-serif; text-align: inherit; background-color: transparent; min-width: 0px; border-style: solid; border-color: black; list-style: none; white-space: pre-wrap;\"><span style=\"background-color: transparent; min-width: 0px; text-align: inherit; border-style: solid; border-color: black; font-variant: inherit; font-stretch: inherit; font-size: inherit; line-height: inherit; list-style: none; white-space: inherit;\">Dzi\u0119ki innowacyjnemu podej\u015bciu do projektowania nasze urz\u0105dzenia wyr\u00f3\u017cniaj\u0105 si\u0119 kompaktowymi rozmiarami i zredukowan\u0105 wag\u0105, co nie wp\u0142ywa na ich wydajno\u015b\u0107. <\/span><br><span style=\"background-color: transparent; min-width: 0px; text-align: inherit; border-style: solid; border-color: black; font-variant: inherit; font-stretch: inherit; font-size: inherit; line-height: inherit; list-style: none; white-space: inherit;\">Pomimo tych cech, nasze produkty skutecznie konkuruj\u0105 z wi\u0119kszymi i dro\u017cszymi rozwi\u0105zaniami dost\u0119pnymi na rynku.<\/span><\/div><div dir=\"ltr\" style=\"color: rgb(0, 0, 0); font-style: normal; font-variant-numeric: normal; font-variant-east-asian: normal; font-weight: 400; font-stretch: normal; font-size: 15px; line-height: normal; font-family: sans-serif; text-align: inherit; background-color: transparent; min-width: 0px; border-style: solid; border-color: black; list-style: none; white-space: pre-wrap;\"><span style=\"background-color: transparent; min-width: 0px; text-align: inherit; border-style: solid; border-color: black; font-variant: inherit; font-stretch: inherit; font-size: inherit; line-height: inherit; list-style: none; white-space: inherit;\">Urz\u0105dzenia MWMachines s\u0105 produkowane i sk\u0142adane w Polsce. <\/span><br><span style=\"background-color: transparent; min-width: 0px; text-align: inherit; border-style: solid; border-color: black; font-variant: inherit; font-stretch: inherit; font-size: inherit; line-height: inherit; list-style: none; white-space: inherit;\"><br><\/span><br><span style=\"background-color: transparent; min-width: 0px; text-align: inherit; border-style: solid; border-color: black; font-variant: inherit; font-stretch: inherit; font-size: inherit; line-height: inherit; list-style: none; white-space: inherit;\">Zapewniamy serwis gwarancyjny, a tak\u017ce sta\u0142e wsparcie techniczne dla naszych klient\u00f3w. Dbamy o dost\u0119pno\u015b\u0107 materia\u0142\u00f3w eksploatacyjnych i cz\u0119\u015bci zamiennych, aby u\u017cytkowanie naszych maszyn by\u0142o bezproblemowe.<\/span><\/div><div dir=\"ltr\" style=\"color: rgb(0, 0, 0); font-style: normal; font-variant-numeric: normal; font-variant-east-asian: normal; font-weight: 400; font-stretch: normal; font-size: 15px; line-height: normal; font-family: sans-serif; text-align: inherit; background-color: transparent; min-width: 0px; border-style: solid; border-color: black; list-style: none; white-space: pre-wrap;\"><span style=\"background-color: transparent; min-width: 0px; text-align: inherit; border-style: solid; border-color: black; font-variant: inherit; font-stretch: inherit; font-size: inherit; line-height: inherit; list-style: none; white-space: inherit;\"><br><\/span><\/div><div dir=\"ltr\" style=\"color: rgb(0, 0, 0); font-style: normal; font-variant-numeric: normal; font-variant-east-asian: normal; font-weight: 400; font-stretch: normal; font-size: 15px; line-height: normal; font-family: sans-serif; text-align: inherit; background-color: transparent; min-width: 0px; border-style: solid; border-color: black; list-style: none; white-space: pre-wrap;\"><span style=\"background-color: transparent; min-width: 0px; text-align: inherit; border-style: solid; border-color: black; font-variant: inherit; font-stretch: inherit; font-size: inherit; line-height: inherit; list-style: none; white-space: inherit;\">Oferujemy szerok\u0105 gam\u0119 akcesori\u00f3w, kt\u00f3re zwi\u0119kszaj\u0105 funkcjonalno\u015b\u0107 naszego sprz\u0119tu. Stawiamy na elastyczno\u015b\u0107 \u2013 nasza oferta jest dostosowana do indywidualnych wymaga\u0144 klient\u00f3w, a na \u017cyczenie realizujemy r\u00f3wnie\u017c niestandardowe projekty.<\/span><\/div><div><span style=\"background-color: transparent; min-width: 0px; text-align: inherit; border-style: solid; border-color: black; font-variant: inherit; font-stretch: inherit; font-size: inherit; line-height: inherit; list-style: none; white-space: inherit;\"><br><\/span><\/div>\n<p><\/p>\t\t\t\t\t\t\t\t<\/div>\n\t\t\t\t<\/div>\n\t\t\t\t\t<\/div>\n\t\t<\/div>\n\t\t\t\t\t<\/div>\n\t\t<\/section>\t\t<\/div>","protected":false},"excerpt":{"rendered":"<p>O NAS Jeste\u015bmy polsk\u0105 firm\u0105 dzia\u0142aj\u0105c\u0105 na rynku od 2009 roku. Obecnie specjalizujemy si\u0119 w produkcji urz\u0105dze\u0144 do monta\u017cu okien, takich jak chwytaki pr\u00f3\u017cniowe, manipulatory oraz akcesoria do naszych maszyn. Wiele rozwi\u0105za\u0144 zastosowanych w naszych urz\u0105dzeniach jest naszego autorstwa i zosta\u0142o opracowanych z my\u015bl\u0105 o potrzebach bran\u017cy.Dzi\u0119ki innowacyjnemu podej\u015bciu do projektowania nasze urz\u0105dzenia wyr\u00f3\u017cniaj\u0105 si\u0119 [&hellip;]<\/p>","protected":false},"author":1,"featured_media":0,"parent":0,"menu_order":0,"comment_status":"closed","ping_status":"closed","template":"","meta":{"site-sidebar-layout":"no-sidebar","site-content-layout":"page-builder","ast-site-content-layout":"","site-content-style":"default","site-sidebar-style":"default","ast-global-header-display":"","ast-banner-title-visibility":"","ast-main-header-display":"","ast-hfb-above-header-display":"","ast-hfb-below-header-display":"","ast-hfb-mobile-header-display":"","site-post-title":"disabled","ast-breadcrumbs-content":"","ast-featured-img":"disabled","footer-sml-layout":"","theme-transparent-header-meta":"default","adv-header-id-meta":"","stick-header-meta":"","header-above-stick-meta":"","header-main-stick-meta":"","header-below-stick-meta":"","astra-migrate-meta-layouts":"default","ast-page-background-enabled":"default","ast-page-background-meta":{"desktop":{"background-color":"","background-image":"","background-repeat":"repeat","background-position":"center center","background-size":"auto","background-attachment":"scroll","background-type":"","background-media":"","overlay-type":"","overlay-color":"","overlay-opacity":"","overlay-gradient":""},"tablet":{"background-color":"","background-image":"","background-repeat":"repeat","background-position":"center center","background-size":"auto","background-attachment":"scroll","background-type":"","background-media":"","overlay-type":"","overlay-color":"","overlay-opacity":"","overlay-gradient":""},"mobile":{"background-color":"","background-image":"","background-repeat":"repeat","background-position":"center center","background-size":"auto","background-attachment":"scroll","background-type":"","background-media":"","overlay-type":"","overlay-color":"","overlay-opacity":"","overlay-gradient":""}},"ast-content-background-meta":{"desktop":{"background-color":"var(--ast-global-color-5)","background-image":"","background-repeat":"repeat","background-position":"center center","background-size":"auto","background-attachment":"scroll","background-type":"","background-media":"","overlay-type":"","overlay-color":"","overlay-opacity":"","overlay-gradient":""},"tablet":{"background-color":"var(--ast-global-color-5)","background-image":"","background-repeat":"repeat","background-position":"center center","background-size":"auto","background-attachment":"scroll","background-type":"","background-media":"","overlay-type":"","overlay-color":"","overlay-opacity":"","overlay-gradient":""},"mobile":{"background-color":"var(--ast-global-color-5)","background-image":"","background-repeat":"repeat","background-position":"center center","background-size":"auto","background-attachment":"scroll","background-type":"","background-media":"","overlay-type":"","overlay-color":"","overlay-opacity":"","overlay-gradient":""}},"footnotes":""},"class_list":["post-20","page","type-page","status-publish","hentry"],"_links":{"self":[{"href":"https:\/\/mwmachines.com\/en\/wp-json\/wp\/v2\/pages\/20","targetHints":{"allow":["GET"]}}],"collection":[{"href":"https:\/\/mwmachines.com\/en\/wp-json\/wp\/v2\/pages"}],"about":[{"href":"https:\/\/mwmachines.com\/en\/wp-json\/wp\/v2\/types\/page"}],"author":[{"embeddable":true,"href":"https:\/\/mwmachines.com\/en\/wp-json\/wp\/v2\/users\/1"}],"replies":[{"embeddable":true,"href":"https:\/\/mwmachines.com\/en\/wp-json\/wp\/v2\/comments?post=20"}],"version-history":[{"count":27,"href":"https:\/\/mwmachines.com\/en\/wp-json\/wp\/v2\/pages\/20\/revisions"}],"predecessor-version":[{"id":968,"href":"https:\/\/mwmachines.com\/en\/wp-json\/wp\/v2\/pages\/20\/revisions\/968"}],"wp:attachment":[{"href":"https:\/\/mwmachines.com\/en\/wp-json\/wp\/v2\/media?parent=20"}],"curies":[{"name":"wp","href":"https:\/\/api.w.org\/{rel}","templated":true}]}}