{"id":128,"date":"2019-02-26T09:57:55","date_gmt":"2019-02-26T08:57:55","guid":{"rendered":"http:\/\/mwmachines.com\/?page_id=128"},"modified":"2019-03-01T23:39:03","modified_gmt":"2019-03-01T22:39:03","slug":"polityka-prywatnosci","status":"publish","type":"page","link":"https:\/\/mwmachines.com\/en\/polityka-prywatnosci\/","title":{"rendered":"Privacy policy"},"content":{"rendered":"<div data-elementor-type=\"wp-post\" data-elementor-id=\"128\" class=\"elementor elementor-128 elementor-bc-flex-widget\">\n\t\t\t\t\t\t<section class=\"elementor-section elementor-top-section elementor-element elementor-element-204f3822 elementor-section-boxed elementor-section-height-default elementor-section-height-default\" data-id=\"204f3822\" data-element_type=\"section\">\n\t\t\t\t\t\t<div class=\"elementor-container elementor-column-gap-default\">\n\t\t\t\t\t<div class=\"elementor-column elementor-col-100 elementor-top-column elementor-element elementor-element-5c406e14\" data-id=\"5c406e14\" data-element_type=\"column\">\n\t\t\t<div class=\"elementor-widget-wrap elementor-element-populated\">\n\t\t\t\t\t\t<div class=\"elementor-element elementor-element-4df19073 path elementor-widget elementor-widget-wp-widget-bcn_widget\" data-id=\"4df19073\" data-element_type=\"widget\" data-widget_type=\"wp-widget-bcn_widget.default\">\n\t\t\t\t<div class=\"elementor-widget-container\">\n\t\t\t\t\t<div class=\"breadcrumbs\" vocab=\"https:\/\/schema.org\/\" typeof=\"BreadcrumbList\"><!-- Breadcrumb NavXT 7.4.1 -->\n<span property=\"itemListElement\" typeof=\"ListItem\"><a property=\"item\" typeof=\"WebPage\" title=\"Id\u017a do MWMachines.com - nowoczesne maszyny.\" href=\"https:\/\/mwmachines.com\/en\/\" class=\"home\"><span property=\"name\">Home<\/span><\/a><meta property=\"position\" content=\"1\"><\/span><\/div>\t\t\t\t<\/div>\n\t\t\t\t<\/div>\n\t\t\t\t<div class=\"elementor-element elementor-element-7b504887 elementor-widget-divider--view-line elementor-widget elementor-widget-divider\" data-id=\"7b504887\" data-element_type=\"widget\" data-widget_type=\"divider.default\">\n\t\t\t\t<div class=\"elementor-widget-container\">\n\t\t\t\t\t\t\t<div class=\"elementor-divider\">\n\t\t\t<span class=\"elementor-divider-separator\">\n\t\t\t\t\t\t<\/span>\n\t\t<\/div>\n\t\t\t\t\t\t<\/div>\n\t\t\t\t<\/div>\n\t\t\t\t<div class=\"elementor-element elementor-element-3f23f60 elementor-widget elementor-widget-heading\" data-id=\"3f23f60\" data-element_type=\"widget\" data-widget_type=\"heading.default\">\n\t\t\t\t<div class=\"elementor-widget-container\">\n\t\t\t\t\t<h2 class=\"elementor-heading-title elementor-size-default\">PRIVACY POLICY \/ COOKIES<\/h2>\t\t\t\t<\/div>\n\t\t\t\t<\/div>\n\t\t\t\t<div class=\"elementor-element elementor-element-4eb4381a elementor-widget-divider--view-line elementor-widget elementor-widget-divider\" data-id=\"4eb4381a\" data-element_type=\"widget\" data-widget_type=\"divider.default\">\n\t\t\t\t<div class=\"elementor-widget-container\">\n\t\t\t\t\t\t\t<div class=\"elementor-divider\">\n\t\t\t<span class=\"elementor-divider-separator\">\n\t\t\t\t\t\t<\/span>\n\t\t<\/div>\n\t\t\t\t\t\t<\/div>\n\t\t\t\t<\/div>\n\t\t\t\t<div class=\"elementor-element elementor-element-d4e6540 elementor-widget elementor-widget-text-editor\" data-id=\"d4e6540\" data-element_type=\"widget\" data-widget_type=\"text-editor.default\">\n\t\t\t\t<div class=\"elementor-widget-container\">\n\t\t\t\t\t\t\t\t\t<ol><li class=\"cookies\">The website does not automatically collect any information, except for information contained in cookie files.<\/li><li class=\"cookies\">Cookie files (so-called cookies) are IT data, in particular text files, which are stored in the Website User's end device and are intended for using the Website's websites. Cookies usually contain the name of the website from which they originate, their storage time on the end device and a unique number.<\/li><li class=\"cookies\">The entity placing cookies on the Website User's terminal device and obtaining access to them is the Website Operator: MWMachines s.c. Kamil Kulczyk, Dawid Polus with its registered office at Le\u015bna 5, 86-010 Koronowo.<\/li><li class=\"cookies\">Cookies are used to:<ul><li>adjusting the content of the Website pages to the User's preferences and optimizing the use of websites, in particular these files allow to recognize the Website User's device and properly display the website, tailored to their individual needs,<\/li><li>creating statistics that help to understand how Website Users use websites, which allows improving their structure and content.<\/li><\/ul><\/li><li class=\"cookies\">The Website uses two basic types of cookies: \"session\" (sessioncookies) and \"persistent\" (persistent cookies). Session cookies are temporary files that are stored on the User's end device until logging out, leaving the website or turning off the software (web browser). Persistent cookies are stored on the User's end device for the time specified in the cookie file parameters or until they are deleted by the User.<\/li><li class=\"cookies\">The Website uses the following types of cookies:<ul><li>necessary \"cookies\", enabling the use of services available on the Website, e.g. authentication cookies used for services that require authentication on the Website,<\/li><li>cookies used to ensure security, e.g. used to detect fraud in the field of authentication on the Website,<\/li><li>\"performance\" cookies, enabling the collection of information on the use of Website pages,<\/li><li>\"functional\" cookies, allowing you to remember the User's settings and personalization of the User's interface, eg in terms of the language or region of the User's origin, size of the font, appearance of the website, etc.,<\/li><li>\"advertising\" cookies, enabling the User to provide advertising content tailored to his interests.<\/li><\/ul><\/li><li class=\"cookies\">In many cases, software used for browsing websites (web browser) allows cookies to be stored in the User's device by default. Website Users can change their cookie settings at any time. These settings can be changed in particular in such a way as to block the automatic handling of cookies in the settings of the web browser or inform about their every entry in the device of the Website User. Detailed information about the possibilities and ways of handling cookies are available in the software (web browser) settings.<\/li><li class=\"cookies\">The Website Operator informs that restrictions on the use of cookies may affect some of the functionalities available on the Website.<\/li><li class=\"cookies\">Cookies placed on the Website User's end device may also be used by partners cooperating with the Website operator.<\/li><li>More information about cookies is available in the \"Help\" section in the browser menu or on the website: http:\/\/wszystkoociasteczkach.pl.<\/li><\/ol><p>Text: IAB Polska<\/p>\t\t\t\t\t\t\t\t<\/div>\n\t\t\t\t<\/div>\n\t\t\t\t\t<\/div>\n\t\t<\/div>\n\t\t\t\t\t<\/div>\n\t\t<\/section>\n\t\t\t\t<\/div>","protected":false},"excerpt":{"rendered":"<p>POLITYKA PRYWATNO\u015aCI \/ COOKIES Serwis nie zbiera w spos\u00f3b automatyczny \u017cadnych informacji, z wyj\u0105tkiem informacji zawartych w plikach cookies. Pliki cookies (tzw. ciasteczka) stanowi\u0105 dane informatyczne, w szczeg\u00f3lno\u015bci pliki tekstowe, kt\u00f3re przechowywane s\u0105 w urz\u0105dzeniu ko\u0144cowym U\u017cytkownika Serwisu i przeznaczone s\u0105 do korzystania ze stron internetowych Serwisu. Cookies zazwyczaj zawieraj\u0105 nazw\u0119 strony internetowej, z kt\u00f3rej [&hellip;]<\/p>","protected":false},"author":1,"featured_media":0,"parent":0,"menu_order":0,"comment_status":"closed","ping_status":"closed","template":"","meta":{"site-sidebar-layout":"no-sidebar","site-content-layout":"page-builder","ast-site-content-layout":"","site-content-style":"default","site-sidebar-style":"default","ast-global-header-display":"","ast-banner-title-visibility":"","ast-main-header-display":"","ast-hfb-above-header-display":"","ast-hfb-below-header-display":"","ast-hfb-mobile-header-display":"","site-post-title":"disabled","ast-breadcrumbs-content":"","ast-featured-img":"disabled","footer-sml-layout":"","theme-transparent-header-meta":"default","adv-header-id-meta":"","stick-header-meta":"","header-above-stick-meta":"","header-main-stick-meta":"","header-below-stick-meta":"","astra-migrate-meta-layouts":"default","ast-page-background-enabled":"default","ast-page-background-meta":{"desktop":{"background-color":"","background-image":"","background-repeat":"repeat","background-position":"center center","background-size":"auto","background-attachment":"scroll","background-type":"","background-media":"","overlay-type":"","overlay-color":"","overlay-opacity":"","overlay-gradient":""},"tablet":{"background-color":"","background-image":"","background-repeat":"repeat","background-position":"center center","background-size":"auto","background-attachment":"scroll","background-type":"","background-media":"","overlay-type":"","overlay-color":"","overlay-opacity":"","overlay-gradient":""},"mobile":{"background-color":"","background-image":"","background-repeat":"repeat","background-position":"center center","background-size":"auto","background-attachment":"scroll","background-type":"","background-media":"","overlay-type":"","overlay-color":"","overlay-opacity":"","overlay-gradient":""}},"ast-content-background-meta":{"desktop":{"background-color":"var(--ast-global-color-5)","background-image":"","background-repeat":"repeat","background-position":"center center","background-size":"auto","background-attachment":"scroll","background-type":"","background-media":"","overlay-type":"","overlay-color":"","overlay-opacity":"","overlay-gradient":""},"tablet":{"background-color":"var(--ast-global-color-5)","background-image":"","background-repeat":"repeat","background-position":"center center","background-size":"auto","background-attachment":"scroll","background-type":"","background-media":"","overlay-type":"","overlay-color":"","overlay-opacity":"","overlay-gradient":""},"mobile":{"background-color":"var(--ast-global-color-5)","background-image":"","background-repeat":"repeat","background-position":"center center","background-size":"auto","background-attachment":"scroll","background-type":"","background-media":"","overlay-type":"","overlay-color":"","overlay-opacity":"","overlay-gradient":""}},"footnotes":""},"class_list":["post-128","page","type-page","status-publish","hentry"],"_links":{"self":[{"href":"https:\/\/mwmachines.com\/en\/wp-json\/wp\/v2\/pages\/128","targetHints":{"allow":["GET"]}}],"collection":[{"href":"https:\/\/mwmachines.com\/en\/wp-json\/wp\/v2\/pages"}],"about":[{"href":"https:\/\/mwmachines.com\/en\/wp-json\/wp\/v2\/types\/page"}],"author":[{"embeddable":true,"href":"https:\/\/mwmachines.com\/en\/wp-json\/wp\/v2\/users\/1"}],"replies":[{"embeddable":true,"href":"https:\/\/mwmachines.com\/en\/wp-json\/wp\/v2\/comments?post=128"}],"version-history":[{"count":6,"href":"https:\/\/mwmachines.com\/en\/wp-json\/wp\/v2\/pages\/128\/revisions"}],"predecessor-version":[{"id":601,"href":"https:\/\/mwmachines.com\/en\/wp-json\/wp\/v2\/pages\/128\/revisions\/601"}],"wp:attachment":[{"href":"https:\/\/mwmachines.com\/en\/wp-json\/wp\/v2\/media?parent=128"}],"curies":[{"name":"wp","href":"https:\/\/api.w.org\/{rel}","templated":true}]}}