{"id":108,"date":"2019-02-26T09:23:41","date_gmt":"2019-02-26T08:23:41","guid":{"rendered":"http:\/\/mwmachines.com\/?page_id=108"},"modified":"2019-03-18T08:12:41","modified_gmt":"2019-03-18T07:12:41","slug":"regulaminy","status":"publish","type":"page","link":"https:\/\/mwmachines.com\/en\/regulaminy\/","title":{"rendered":"Regulations"},"content":{"rendered":"<div data-elementor-type=\"wp-post\" data-elementor-id=\"108\" class=\"elementor elementor-108\">\n\t\t\t\t\t\t<section class=\"elementor-section elementor-top-section elementor-element elementor-element-5a2836c5 elementor-section-boxed elementor-section-height-default elementor-section-height-default\" data-id=\"5a2836c5\" data-element_type=\"section\">\n\t\t\t\t\t\t<div class=\"elementor-container elementor-column-gap-default\">\n\t\t\t\t\t<div class=\"elementor-column elementor-col-100 elementor-top-column elementor-element elementor-element-d51d16e\" data-id=\"d51d16e\" data-element_type=\"column\">\n\t\t\t<div class=\"elementor-widget-wrap elementor-element-populated\">\n\t\t\t\t\t\t<div class=\"elementor-element elementor-element-b346a1f path elementor-widget elementor-widget-wp-widget-bcn_widget\" data-id=\"b346a1f\" data-element_type=\"widget\" data-widget_type=\"wp-widget-bcn_widget.default\">\n\t\t\t\t<div class=\"elementor-widget-container\">\n\t\t\t\t\t<div class=\"breadcrumbs\" vocab=\"https:\/\/schema.org\/\" typeof=\"BreadcrumbList\"><!-- Breadcrumb NavXT 7.4.1 -->\n<span property=\"itemListElement\" typeof=\"ListItem\"><a property=\"item\" typeof=\"WebPage\" title=\"Id\u017a do MWMachines.com - nowoczesne maszyny.\" href=\"https:\/\/mwmachines.com\/en\/\" class=\"home\"><span property=\"name\">Home<\/span><\/a><meta property=\"position\" content=\"1\"><\/span><\/div>\t\t\t\t<\/div>\n\t\t\t\t<\/div>\n\t\t\t\t<div class=\"elementor-element elementor-element-c38fbab elementor-widget-divider--view-line elementor-widget elementor-widget-divider\" data-id=\"c38fbab\" data-element_type=\"widget\" data-widget_type=\"divider.default\">\n\t\t\t\t<div class=\"elementor-widget-container\">\n\t\t\t\t\t\t\t<div class=\"elementor-divider\">\n\t\t\t<span class=\"elementor-divider-separator\">\n\t\t\t\t\t\t<\/span>\n\t\t<\/div>\n\t\t\t\t\t\t<\/div>\n\t\t\t\t<\/div>\n\t\t\t\t<div class=\"elementor-element elementor-element-78438cab elementor-widget elementor-widget-heading\" data-id=\"78438cab\" data-element_type=\"widget\" data-widget_type=\"heading.default\">\n\t\t\t\t<div class=\"elementor-widget-container\">\n\t\t\t\t\t<h2 class=\"elementor-heading-title elementor-size-default\">REGULATIONS<\/h2>\t\t\t\t<\/div>\n\t\t\t\t<\/div>\n\t\t\t\t<div class=\"elementor-element elementor-element-73fa2037 elementor-widget-divider--view-line elementor-widget elementor-widget-divider\" data-id=\"73fa2037\" data-element_type=\"widget\" data-widget_type=\"divider.default\">\n\t\t\t\t<div class=\"elementor-widget-container\">\n\t\t\t\t\t\t\t<div class=\"elementor-divider\">\n\t\t\t<span class=\"elementor-divider-separator\">\n\t\t\t\t\t\t<\/span>\n\t\t<\/div>\n\t\t\t\t\t\t<\/div>\n\t\t\t\t<\/div>\n\t\t\t\t<div class=\"elementor-element elementor-element-62ea8fdb elementor-widget elementor-widget-text-editor\" data-id=\"62ea8fdb\" data-element_type=\"widget\" data-widget_type=\"text-editor.default\">\n\t\t\t\t<div class=\"elementor-widget-container\">\n\t\t\t\t\t\t\t\t\t<ul>\n \t<li class=\"show_pl\"><a href=\"\/en\/projekty\/mwmachines\/regulaminy\/regulamin-sklepu-internetowego\/\" rel=\"noopener\">Regulations of the online store<\/a><\/li>\n \t<li class=\"show_pl\"><a href=\"\/en\/projekty\/mwmachines\/regulaminy\/regulamin-formularzy-kontaktowych\/\" rel=\"noopener\">Regulations of contact forms<\/a><\/li>\n \t<li class=\"show_eng\"><a href=\"\/en\/projekty\/mwmachines\/regulaminy\/regulamin-formularzy-kontaktowych\/\" rel=\"noopener\">Regulations of contact forms<\/a><\/li>\n<\/ul>\t\t\t\t\t\t\t\t<\/div>\n\t\t\t\t<\/div>\n\t\t\t\t<div class=\"elementor-element elementor-element-f411eb1 elementor-widget elementor-widget-text-editor\" data-id=\"f411eb1\" data-element_type=\"widget\" data-widget_type=\"text-editor.default\">\n\t\t\t\t<div class=\"elementor-widget-container\">\n\t\t\t\t\t\t\t\t\t<p>By visiting and using the <a href=\"http:\/\/mwmachines.com\/en\/\" rel=\"noopener\">mwmachines.com<\/a> website, you agree in full on the following reservations and rules.<\/p><p>All information contained on this website is for informational purposes only. Therefore, all information contained on this website is not legally binding and does not constitute a commercial offer, in particular within the meaning of art. 66\u00a71 of the Civil Code. The information contained on the website does not constitute an assurance within the meaning of art. 5561 of the Civil Code. All offers formulated by <b>MWMachines s.c.<\/b> require a written form. The warranty conditions are set by the manufacturer in the warranty document.<\/p><p>Despite making every effort to ensure that the information published on the site is real and accurate, MWMachines s.c. does not bear any responsibility for the accuracy, completeness or veracity of any information contained on\u00a0<a href=\"http:\/\/mwmachines.com\/en\/\" rel=\"noopener\">mwmachines.com<\/a>.<\/p><p><b>MWMachines s.c.<\/b> reserves the right to make changes on the site at any time, to any extent and without prior notice.<\/p>\t\t\t\t\t\t\t\t<\/div>\n\t\t\t\t<\/div>\n\t\t\t\t\t<\/div>\n\t\t<\/div>\n\t\t\t\t\t<\/div>\n\t\t<\/section>\n\t\t\t\t<\/div>","protected":false},"excerpt":{"rendered":"<p>REGULAMINY Regulamin sklepu internetowego Regulamin formularzy kontaktowych Regulamin formularzy kontaktowych Odwiedzaj\u0105c i u\u017cytkuj\u0105c stron\u0119 internetow\u0105 mwmachines.com wyra\u017caj\u0105 Pa\u0144stwo zgod\u0119 w pe\u0142nym zakresie na nast\u0119puj\u0105ce zastrze\u017cenia i zasady. Wszelkie informacje zawarte na niniejszej stronie maj\u0105 charakter wy\u0142\u0105cznie informacyjny. W zwi\u0105zku z tym wszelkie informacje zawarte na niniejszej stronie nie maj\u0105 charakteru prawnie wi\u0105\u017c\u0105cego i nie stanowi\u0105 [&hellip;]<\/p>","protected":false},"author":1,"featured_media":0,"parent":0,"menu_order":0,"comment_status":"closed","ping_status":"closed","template":"","meta":{"site-sidebar-layout":"no-sidebar","site-content-layout":"page-builder","ast-site-content-layout":"","site-content-style":"default","site-sidebar-style":"default","ast-global-header-display":"","ast-banner-title-visibility":"","ast-main-header-display":"","ast-hfb-above-header-display":"","ast-hfb-below-header-display":"","ast-hfb-mobile-header-display":"","site-post-title":"disabled","ast-breadcrumbs-content":"","ast-featured-img":"disabled","footer-sml-layout":"","theme-transparent-header-meta":"default","adv-header-id-meta":"","stick-header-meta":"","header-above-stick-meta":"","header-main-stick-meta":"","header-below-stick-meta":"","astra-migrate-meta-layouts":"default","ast-page-background-enabled":"default","ast-page-background-meta":{"desktop":{"background-color":"","background-image":"","background-repeat":"repeat","background-position":"center center","background-size":"auto","background-attachment":"scroll","background-type":"","background-media":"","overlay-type":"","overlay-color":"","overlay-opacity":"","overlay-gradient":""},"tablet":{"background-color":"","background-image":"","background-repeat":"repeat","background-position":"center center","background-size":"auto","background-attachment":"scroll","background-type":"","background-media":"","overlay-type":"","overlay-color":"","overlay-opacity":"","overlay-gradient":""},"mobile":{"background-color":"","background-image":"","background-repeat":"repeat","background-position":"center center","background-size":"auto","background-attachment":"scroll","background-type":"","background-media":"","overlay-type":"","overlay-color":"","overlay-opacity":"","overlay-gradient":""}},"ast-content-background-meta":{"desktop":{"background-color":"var(--ast-global-color-5)","background-image":"","background-repeat":"repeat","background-position":"center center","background-size":"auto","background-attachment":"scroll","background-type":"","background-media":"","overlay-type":"","overlay-color":"","overlay-opacity":"","overlay-gradient":""},"tablet":{"background-color":"var(--ast-global-color-5)","background-image":"","background-repeat":"repeat","background-position":"center center","background-size":"auto","background-attachment":"scroll","background-type":"","background-media":"","overlay-type":"","overlay-color":"","overlay-opacity":"","overlay-gradient":""},"mobile":{"background-color":"var(--ast-global-color-5)","background-image":"","background-repeat":"repeat","background-position":"center center","background-size":"auto","background-attachment":"scroll","background-type":"","background-media":"","overlay-type":"","overlay-color":"","overlay-opacity":"","overlay-gradient":""}},"footnotes":""},"class_list":["post-108","page","type-page","status-publish","hentry"],"_links":{"self":[{"href":"https:\/\/mwmachines.com\/en\/wp-json\/wp\/v2\/pages\/108","targetHints":{"allow":["GET"]}}],"collection":[{"href":"https:\/\/mwmachines.com\/en\/wp-json\/wp\/v2\/pages"}],"about":[{"href":"https:\/\/mwmachines.com\/en\/wp-json\/wp\/v2\/types\/page"}],"author":[{"embeddable":true,"href":"https:\/\/mwmachines.com\/en\/wp-json\/wp\/v2\/users\/1"}],"replies":[{"embeddable":true,"href":"https:\/\/mwmachines.com\/en\/wp-json\/wp\/v2\/comments?post=108"}],"version-history":[{"count":18,"href":"https:\/\/mwmachines.com\/en\/wp-json\/wp\/v2\/pages\/108\/revisions"}],"predecessor-version":[{"id":656,"href":"https:\/\/mwmachines.com\/en\/wp-json\/wp\/v2\/pages\/108\/revisions\/656"}],"wp:attachment":[{"href":"https:\/\/mwmachines.com\/en\/wp-json\/wp\/v2\/media?parent=108"}],"curies":[{"name":"wp","href":"https:\/\/api.w.org\/{rel}","templated":true}]}}